{"id":7103,"date":"2022-04-08T14:33:50","date_gmt":"2022-04-08T12:33:50","guid":{"rendered":"https:\/\/www.maf.ues.rs.ba\/vice-dean-for-science\/"},"modified":"2022-06-09T16:01:25","modified_gmt":"2022-06-09T14:01:25","slug":"vice-dean-for-science","status":"publish","type":"page","link":"https:\/\/www.maf.ues.rs.ba\/en\/vice-dean-for-science\/","title":{"rendered":"Vice-dean for science"},"content":{"rendered":"<div class=\"wpb-content-wrapper\"><p>[vc_row][vc_column width=&#8221;1\/2&#8243; el_class=&#8221;stm_icon_box_responsive&#8221;][stm_teacher_detail css=&#8221;.vc_custom_1435130228906{margin-top: 20px !important;}&#8221;][stm_icon_box title_holder=&#8221;h5&#8243; hover_pos=&#8221;none&#8221; icon=&#8221;fa-icon-stm_icon_pin-o&#8221; icon_size=&#8221;35&#8243; icon_align=&#8221;left&#8221; icon_width=&#8221;35&#8243; icon_color=&#8221;#57aed8&#8243; title=&#8221;Address:&#8221; box_bg_color=&#8221;#ffffff&#8221; box_text_color=&#8221;#555555&#8243; css=&#8221;.vc_custom_1649421514151{margin-top: 40px !important;border-bottom-width: 1px !important;padding-top: 0px !important;padding-right: 0px !important;padding-bottom: 14px !important;padding-left: 0px !important;border-bottom-color: #e1e2e4 !important;border-bottom-style: solid !important;}&#8221; css_icon=&#8221;.vc_custom_1649421514148{padding-left: 7px !important;}&#8221;]Vuka Karad\u017ei\u0107a 30, 71123 Isto\u010dno Sarajevo, Republika Srpska, Bosnia and Herzegovina[\/stm_icon_box][vc_row_inner css=&#8221;.vc_custom_1435139343164{margin-bottom: 0px !important;}&#8221;][vc_column_inner el_class=&#8221;stm_sm_gutter_back&#8221; css=&#8221;.vc_custom_1436791850040{padding-right: 0px !important;}&#8221; offset=&#8221;vc_col-lg-6 vc_col-md-6&#8243;][stm_icon_box title_holder=&#8221;h5&#8243; hover_pos=&#8221;none&#8221; link_color_style=&#8221;dark&#8221; icon=&#8221;fa-icon-stm_icon_phone-o&#8221; icon_size=&#8221;33&#8243; icon_align=&#8221;left&#8221; icon_width=&#8221;35&#8243; icon_color=&#8221;#57aed8&#8243; title=&#8221;Phone:&#8221; box_bg_color=&#8221;#ffffff&#8221; box_text_color=&#8221;#555555&#8243; css=&#8221;.vc_custom_1647509488091{margin-top: 27px !important;border-bottom-width: 1px !important;padding-top: 0px !important;padding-right: 15px !important;padding-bottom: 14px !important;padding-left: 0px !important;border-bottom-color: #e1e2e4 !important;}&#8221; css_icon=&#8221;.vc_custom_1647509488090{padding-left: 7px !important;}&#8221;]<a href=\"tel:+387 65 644 395\">+387 65 864 574<\/a>[\/stm_icon_box][\/vc_column_inner][vc_column_inner el_class=&#8221;stm_sm_gutter_back&#8221; css=&#8221;.vc_custom_1436791860292{padding-left: 0px !important;}&#8221; offset=&#8221;vc_col-lg-6 vc_col-md-6&#8243;][stm_icon_box title_holder=&#8221;h5&#8243; hover_pos=&#8221;none&#8221; link_color_style=&#8221;dark&#8221; icon=&#8221;fa-icon-stm_icon_mail-o&#8221; icon_size=&#8221;22&#8243; icon_align=&#8221;left&#8221; icon_width=&#8221;35&#8243; icon_color=&#8221;#57aed8&#8243; title=&#8221;E-mail:&#8221; box_bg_color=&#8221;#ffffff&#8221; box_text_color=&#8221;#555555&#8243; css=&#8221;.vc_custom_1648713803374{margin-top: 27px !important;padding-top: 0px !important;padding-right: 15px !important;padding-bottom: 14px !important;padding-left: 0px !important;}&#8221; css_icon=&#8221;.vc_custom_1648713803372{padding-top: 10px !important;padding-left: 3px !important;}&#8221;]<a href=\"mailto:miroslav.milutinovic@ues.rs.ba\">miroslav.milutinovic@ues.rs.ba<\/a>[\/stm_icon_box][\/vc_column_inner][\/vc_row_inner][\/vc_column][vc_column width=&#8221;1\/2&#8243;][vc_custom_heading text=&#8221;Prof. dr Miroslav Milutinovi\u0107&#8221; font_container=&#8221;tag:h2|text_align:left|color:%23333333&#8243; google_fonts=&#8221;font_family:Montserrat%3Aregular%2C700|font_style:700%20bold%20regular%3A700%3Anormal&#8221; css=&#8221;.vc_custom_1647509420387{margin-top: -23px !important;margin-bottom: 48px !important;}&#8221;][vc_tta_tabs][vc_tta_section title=&#8221;General info&#8221; tab_id=&#8221;1620507374837-3196aa67-53c0f0cd-d724&#8243;][vc_column_text]<strong>Date of birth:<\/strong><br \/>\n28.6.1982.<\/p>\n<p><strong>Place of birth:<\/strong><br \/>\nLjubovija, RS[\/vc_column_text][\/vc_tta_section][vc_tta_section title=&#8221;Department&#8221; tab_id=&#8221;1620507374872-229c19b7-8e7df0cd-d724&#8243;][vc_column_text]<strong>Department:<\/strong><br \/>\nDepartment of mechanical constructions and engineering product design<\/p>\n<p><strong>Title:<\/strong><br \/>\nAssociate professor<\/p>\n<p><strong>Scientific area:<\/strong><br \/>\nMechanical constructions[\/vc_column_text][\/vc_tta_section][vc_tta_section title=&#8221;Education&#8221; tab_id=&#8221;1620507614344-9971c002-63e6f0cd-d724&#8243;][vc_column_text]<strong>2007.<\/strong><br \/>\n\u0414\u0438\u043f\u043b\u043e\u043c\u0438\u0440\u0430\u043d\u0438 \u0438\u043d\u0436\u0435\u045a\u0435\u0440 \u043c\u0430\u0448\u0438\u043d\u0441\u0442\u0432\u0430<br \/>\n\u041c\u0430\u0448\u0438\u043d\u0441\u043a\u0438 \u0444\u0430\u043a\u0443\u043b\u0442\u0435\u0442 \u0423\u043d\u0438\u0432\u0435\u0440\u0437\u0438\u0442\u0435\u0442 \u0443 \u0418\u0441\u0442\u043e\u0447\u043d\u043e\u043c \u0421\u0430\u0440\u0430\u0458\u0435\u0432\u0443<\/p>\n<p><strong>2011.<\/strong><br \/>\n\u041c\u0430\u0441\u0442\u0435\u0440 \u043c\u0430\u0448\u0438\u043d\u0441\u0442\u0432\u0430<br \/>\n\u0424\u0430\u043a\u0443\u043b\u0442\u0435\u0442 \u0442\u0435\u0445\u043d\u0438\u0447\u043a\u0438\u0445 \u043d\u0430\u0443\u043a\u0430 \u041d\u043e\u0432\u0438 \u0421\u0430\u0434<\/p>\n<p><strong>2013.<\/strong><br \/>\n\u0414\u043e\u043a\u0442\u043e\u0440 \u043d\u0430\u0443\u043a\u0430<br \/>\n\u041c\u0430\u0448\u0438\u043d\u0441\u043a\u0438 \u0444\u0430\u043a\u0443\u043b\u0442\u0435\u0442 \u0423\u043d\u0438\u0432\u0435\u0440\u0437\u0438\u0442\u0435\u0442 \u0443 \u0411\u0435\u043e\u0433\u0440\u0430\u0434\u0443[\/vc_column_text][\/vc_tta_section][\/vc_tta_tabs][\/vc_column][\/vc_row]<\/p>\n<\/div>","protected":false},"excerpt":{"rendered":"<p>[vc_row][vc_column width=&#8221;1\/2&#8243; el_class=&#8221;stm_icon_box_responsive&#8221;][stm_teacher_detail css=&#8221;.vc_custom_1435130228906{margin-top: 20px !important;}&#8221;][stm_icon_box title_holder=&#8221;h5&#8243; hover_pos=&#8221;none&#8221; icon=&#8221;fa-icon-stm_icon_pin-o&#8221; icon_size=&#8221;35&#8243; icon_align=&#8221;left&#8221; icon_width=&#8221;35&#8243; icon_color=&#8221;#57aed8&#8243; title=&#8221;Address:&#8221; box_bg_color=&#8221;#ffffff&#8221; box_text_color=&#8221;#555555&#8243; css=&#8221;.vc_custom_1649421514151{margin-top: 40px !important;border-bottom-width: 1px !important;padding-top: 0px !important;padding-right: 0px !important;padding-bottom: 14px !important;padding-left: 0px !important;border-bottom-color: #e1e2e4 !important;border-bottom-style: solid !important;}&#8221; css_icon=&#8221;.vc_custom_1649421514148{padding-left: 7px !important;}&#8221;]Vuka Karad\u017ei\u0107a 30, 71123 Isto\u010dno Sarajevo, Republika Srpska, Bosnia and Herzegovina[\/stm_icon_box][vc_row_inner css=&#8221;.vc_custom_1435139343164{margin-bottom: 0px !important;}&#8221;][vc_column_inner el_class=&#8221;stm_sm_gutter_back&#8221; css=&#8221;.vc_custom_1436791850040{padding-right: 0px !important;}&#8221; offset=&#8221;vc_col-lg-6 vc_col-md-6&#8243;][stm_icon_box [&hellip;]<\/p>\n","protected":false},"author":1,"featured_media":14379,"parent":0,"menu_order":3230,"comment_status":"closed","ping_status":"closed","template":"","meta":{"footnotes":""},"class_list":["post-7103","page","type-page","status-publish","has-post-thumbnail","hentry"],"_links":{"self":[{"href":"https:\/\/www.maf.ues.rs.ba\/en\/wp-json\/wp\/v2\/pages\/7103","targetHints":{"allow":["GET"]}}],"collection":[{"href":"https:\/\/www.maf.ues.rs.ba\/en\/wp-json\/wp\/v2\/pages"}],"about":[{"href":"https:\/\/www.maf.ues.rs.ba\/en\/wp-json\/wp\/v2\/types\/page"}],"author":[{"embeddable":true,"href":"https:\/\/www.maf.ues.rs.ba\/en\/wp-json\/wp\/v2\/users\/1"}],"replies":[{"embeddable":true,"href":"https:\/\/www.maf.ues.rs.ba\/en\/wp-json\/wp\/v2\/comments?post=7103"}],"version-history":[{"count":4,"href":"https:\/\/www.maf.ues.rs.ba\/en\/wp-json\/wp\/v2\/pages\/7103\/revisions"}],"predecessor-version":[{"id":8371,"href":"https:\/\/www.maf.ues.rs.ba\/en\/wp-json\/wp\/v2\/pages\/7103\/revisions\/8371"}],"wp:featuredmedia":[{"embeddable":true,"href":"https:\/\/www.maf.ues.rs.ba\/en\/wp-json\/wp\/v2\/media\/14379"}],"wp:attachment":[{"href":"https:\/\/www.maf.ues.rs.ba\/en\/wp-json\/wp\/v2\/media?parent=7103"}],"curies":[{"name":"wp","href":"https:\/\/api.w.org\/{rel}","templated":true}]}}