{"id":6787,"date":"2022-04-04T10:00:32","date_gmt":"2022-04-04T08:00:32","guid":{"rendered":"https:\/\/www.maf.ues.rs.ba\/center-of-accredited-laboratories-ca\/"},"modified":"2025-05-21T13:22:28","modified_gmt":"2025-05-21T11:22:28","slug":"center-of-accredited-laboratories-ca","status":"publish","type":"page","link":"https:\/\/www.maf.ues.rs.ba\/en\/center-of-accredited-laboratories-ca\/","title":{"rendered":"Center of accredited laboratories \u2013 CA"},"content":{"rendered":"<div class=\"wpb-content-wrapper\"><p>[vc_row][vc_column css=&#8221;.vc_custom_1747826433938{background-color: #1E73BE !important;border-radius: 10px !important;}&#8221;][vc_column_text css=&#8221;&#8221;]<\/p>\n<div class=\"wpb_text_column wpb_content_element\">\n<div class=\"wpb_wrapper\">\n<p><span style=\"color: #ffffff;\"><strong>Board of the center:<\/strong><\/span><\/p>\n<p><span style=\"color: #ffffff;\"><strong>Prof. dr Sa\u0161a Prodanovi\u0107, Head of the center<\/strong><\/span><br \/>\n<strong><span style=\"color: #ffffff;\">E-mail:<\/span> <a href=\"mailto:sasa.prodanovic@ues.rs.ba\"><span style=\"color: #0000ff;\">sasa.prodanovic@ues.rs.ba<\/span><\/a><\/strong><\/p>\n<p><span style=\"color: #ffffff;\"><strong>Prof. dr Milija Krai\u0161nik, Head of the Laboratory for welding and testing of materials<\/strong><\/span><br \/>\n<strong><span style=\"color: #ffffff;\">E-mail:<\/span> <a href=\"mailto:milija.kraisnik@ues.rs.ba\"><span style=\"color: #0000ff;\">milija.kraisnik@ues.rs.ba<\/span><\/a><\/strong><br \/>\n<span style=\"color: #ffffff;\"><strong>Telefon: +387 57 340 847<\/strong><\/span><\/p>\n<p><span style=\"color: #ffffff;\"><strong>Ass. prof. Ranka Gojkovi\u0107, mr, Quality manager<\/strong><\/span><br \/>\n<strong><span style=\"color: #ffffff;\">E-mail:<\/span><span style=\"color: #0000ff;\"> <a style=\"color: #0000ff;\" href=\"mailto:ranka.gojkovic@ues.rs.ba\">ranka.gojkovic@ues.rs.ba<\/a><\/span><\/strong><\/p>\n<\/div>\n<\/div>\n<p>&nbsp;<\/p>\n<p>[\/vc_column_text][stm_multy_separator][vc_column_text css=&#8221;&#8221;]<\/p>\n<p style=\"text-align: justify;\"><span style=\"color: #000000;\"><strong>The Center for Accredited Laboratories (CA) is a sub-organizational unit of the Faculty of Mechanical Engineering, University of East Sarajevo.<\/strong><\/span><\/p>\n<p style=\"text-align: justify;\"><span style=\"color: #000000;\"><strong>Intensive activities of employees, as well as the support of the competent ministries in the previous period have led to equipping the laboratories of the Faculty with modern equipment used for scientific research, student education, training and providing services to third parties.<\/strong><\/span><\/p>\n<p style=\"text-align: justify;\"><span style=\"color: #000000;\"><strong>The Center of Accredited Laboratories was established with the intention of increasing the number of institutions in the Republic of Srpska that have an accreditation certificate, which confirms compliance with the standards of prescribed requirements regarding the ability to perform testing of metal materials and metal products. The goal is to facilitate and speed up the application of standards for laboratory testing and measurements, and thus increase the competitiveness of our companies in the European and global markets.<\/strong><\/span><\/p>\n<p style=\"text-align: justify;\"><span style=\"color: #000000;\"><strong>The Center is accredited according to the standard BAS EN ISO\/IEC 17025:2018 and it includes laboratories of the Faculty that are or will be accredited. Currently, the Center involves a <a style=\"color: #000000;\" href=\"https:\/\/www.maf.ues.rs.ba\/en\/laboratory-for-welding-and-testing-of-materials\/\">Laboratory for welding and testing of materials<\/a>, which has accredited seven methods of testing metals and welded joints.<\/strong><\/span><\/p>\n<p style=\"text-align: justify;\"><span style=\"color: #000000;\"><strong>The following methods have been accredited:<\/strong><\/span><\/p>\n<ol style=\"text-align: justify;\">\n<li><span style=\"color: #000000;\"><strong>Metals and metal products &#8211; Tensile testing &#8211; Part 1: Room temperature test;<\/strong><\/span><\/li>\n<li><span style=\"color: #000000;\"><strong>Metals and metal products &#8211; Bending test;<\/strong><\/span><\/li>\n<li><span style=\"color: #000000;\"><strong>Destructive testing of welded joints on metal materials &#8211; Tensile testing of transverse specimens;<\/strong><\/span><\/li>\n<li><span style=\"color: #000000;\"><strong>Destructive testing of welded joints on metal materials &#8211; Bending test;<\/strong><\/span><\/li>\n<li><span style=\"color: #000000;\"><strong>Destructive testing of welded joints on metal materials &#8211; Microscopic testing;<\/strong><\/span><\/li>\n<li><span style=\"color: #000000;\"><strong>Microscopic determination of apparent grain size;<\/strong><\/span><\/li>\n<li><span style=\"color: #000000;\"><strong>Destructive testing of welded joints on metal materials &#8211; Macroscopic testing.<\/strong><\/span><\/li>\n<\/ol>\n<p style=\"text-align: justify;\"><span style=\"color: #000000;\"><strong>The activities of the Center in general are focused on providing services that are important for industry in BiH. These include: research in the field of mechanical engineering, organization of educational and promotional seminars, courses and workshops, provision of consulting services and development of expertise to stakeholders, as well as other work in the field of mechanical engineering.<\/strong><\/span><\/p>\n<p>[\/vc_column_text][\/vc_column][\/vc_row]<\/p>\n<\/div>","protected":false},"excerpt":{"rendered":"<p>[vc_row][vc_column css=&#8221;.vc_custom_1747826433938{background-color: #1E73BE !important;border-radius: 10px !important;}&#8221;][vc_column_text css=&#8221;&#8221;] Board of the center: Prof. dr Sa\u0161a Prodanovi\u0107, Head of the center E-mail: sasa.prodanovic@ues.rs.ba Prof. dr Milija Krai\u0161nik, Head of the Laboratory for welding and testing of materials E-mail: milija.kraisnik@ues.rs.ba Telefon: +387 57 340 847 Ass. prof. Ranka Gojkovi\u0107, mr, Quality manager E-mail: ranka.gojkovic@ues.rs.ba &nbsp; [\/vc_column_text][stm_multy_separator][vc_column_text css=&#8221;&#8221;] The [&hellip;]<\/p>\n","protected":false},"author":1,"featured_media":9186,"parent":0,"menu_order":3630,"comment_status":"closed","ping_status":"closed","template":"","meta":{"footnotes":""},"class_list":["post-6787","page","type-page","status-publish","has-post-thumbnail","hentry"],"_links":{"self":[{"href":"https:\/\/www.maf.ues.rs.ba\/en\/wp-json\/wp\/v2\/pages\/6787","targetHints":{"allow":["GET"]}}],"collection":[{"href":"https:\/\/www.maf.ues.rs.ba\/en\/wp-json\/wp\/v2\/pages"}],"about":[{"href":"https:\/\/www.maf.ues.rs.ba\/en\/wp-json\/wp\/v2\/types\/page"}],"author":[{"embeddable":true,"href":"https:\/\/www.maf.ues.rs.ba\/en\/wp-json\/wp\/v2\/users\/1"}],"replies":[{"embeddable":true,"href":"https:\/\/www.maf.ues.rs.ba\/en\/wp-json\/wp\/v2\/comments?post=6787"}],"version-history":[{"count":6,"href":"https:\/\/www.maf.ues.rs.ba\/en\/wp-json\/wp\/v2\/pages\/6787\/revisions"}],"predecessor-version":[{"id":17621,"href":"https:\/\/www.maf.ues.rs.ba\/en\/wp-json\/wp\/v2\/pages\/6787\/revisions\/17621"}],"wp:featuredmedia":[{"embeddable":true,"href":"https:\/\/www.maf.ues.rs.ba\/en\/wp-json\/wp\/v2\/media\/9186"}],"wp:attachment":[{"href":"https:\/\/www.maf.ues.rs.ba\/en\/wp-json\/wp\/v2\/media?parent=6787"}],"curies":[{"name":"wp","href":"https:\/\/api.w.org\/{rel}","templated":true}]}}